{"id":459,"date":"2023-07-27T23:09:28","date_gmt":"2023-07-27T23:09:28","guid":{"rendered":"http:\/\/www.vaulteksafe.com.tr\/?page_id=459"},"modified":"2023-10-19T14:39:12","modified_gmt":"2023-10-19T14:39:12","slug":"vaultek-rs-series","status":"publish","type":"page","link":"http:\/\/www.vaulteksafe.com.tr\/index.php\/vaultek-rs-series\/","title":{"rendered":"VAULTEK\u00ae View all RS Series | Vaultek Safe"},"content":{"rendered":"\n<div class=\"wp-block-group ticss-ba8b67aa has-global-padding is-layout-constrained wp-container-core-group-is-layout-4383d167 wp-block-group-is-layout-constrained\">\n<div id=\"wp-block-themeisle-blocks-advanced-columns-d21ab1ca\" class=\"wp-block-themeisle-blocks-advanced-columns has-1-columns has-desktop-equal-layout has-tablet-equal-layout has-mobile-equal-layout has-vertical-unset\"><div class=\"wp-block-themeisle-blocks-advanced-columns-overlay\"><\/div><div class=\"innerblocks-wrap\">\n<div id=\"wp-block-themeisle-blocks-advanced-column-8397a4dc\" class=\"wp-block-themeisle-blocks-advanced-column\">\n<div class=\"wp-block-columns is-layout-flex wp-container-core-columns-is-layout-28f84493 wp-block-columns-is-layout-flex\">\n<div class=\"wp-block-column is-layout-flow wp-block-column-is-layout-flow\">\n<div class=\"wp-block-group is-vertical is-content-justification-center is-layout-flex wp-container-core-group-is-layout-ce155fab wp-block-group-is-layout-flex\">\n<h2 id=\"wp-block-themeisle-blocks-advanced-heading-2e84524f\" class=\"wp-block-themeisle-blocks-advanced-heading wp-block-themeisle-blocks-advanced-heading-2e84524f\"><strong>RS800i<\/strong><\/h2>\n\n\n\n<h2 id=\"wp-block-themeisle-blocks-advanced-heading-85f74f77\" class=\"wp-block-themeisle-blocks-advanced-heading wp-block-themeisle-blocks-advanced-heading-85f74f77\">Fiyat i\u00e7in ileti\u015fime ge\u00e7in<\/h2>\n\n\n<a style=\"--color-bkg-hover:#ffffff00;\"    class=\"wp-block-tiptip-hyperlink-group-block\" >\n<figure class=\"wp-block-image size-large ticss-a05ff89a\"><span href=\"http:\/\/www.vaulteksafe.com.tr\/index.php\/rs800i\/\"><img fetchpriority=\"high\" decoding=\"async\" width=\"768\" height=\"996\" src=\"http:\/\/www.vaulteksafe.com.tr\/wp-content\/uploads\/2023\/07\/rs800i-1-2.jpg\" alt=\"\" class=\"wp-image-460\" srcset=\"http:\/\/www.vaulteksafe.com.tr\/\/wp-content\/uploads\/2023\/07\/rs800i-1-2.jpg 768w, http:\/\/www.vaulteksafe.com.tr\/\/wp-content\/uploads\/2023\/07\/rs800i-1-2-600x778.jpg 600w, http:\/\/www.vaulteksafe.com.tr\/\/wp-content\/uploads\/2023\/07\/rs800i-1-2-231x300.jpg 231w\" sizes=\"(max-width: 768px) 100vw, 768px\" \/><\/span><\/figure>\n<\/a>\n\n\n<p><\/p>\n\n\n\n<h2 id=\"wp-block-themeisle-blocks-advanced-heading-fcf47982\" class=\"wp-block-themeisle-blocks-advanced-heading wp-block-themeisle-blocks-advanced-heading-fcf47982\"><a href=\"http:\/\/www.vaulteksafe.com.tr\/index.php\/rs800i\/\" data-type=\"page\" data-id=\"1384\"><strong>Daha Fazla Bilgi<\/strong> &gt;<\/a><\/h2>\n\n\n\n<div id=\"wp-block-themeisle-blocks-accordion-2a3f8239\" class=\"wp-block-themeisle-blocks-accordion exclusive icon-first has-icon has-open-icon ticss-b10577ba is-style-default\">\n<details class=\"wp-block-themeisle-blocks-accordion-item ticss-0686848d\"><summary class=\"wp-block-themeisle-blocks-accordion-item__title\"><div>Detaylar<\/div><\/summary><div class=\"wp-block-themeisle-blocks-accordion-item__content\">\n<p><strong>Boyutlar<\/strong><\/p>\n\n\n\n<p>D\u0131\u015f Boyutlar<br>137.16 cm \u00d7 35.56 cm \u00d7 40.64 cm<\/p>\n\n\n\n<p>\u0130\u00e7 Boyutlar <br>135.26 cm \u00d7 34.93 cm \u00d7 32 cm<\/p>\n\n\n\n<p><strong>Eri\u015fim Se\u00e7enekleri<\/strong><\/p>\n\n\n\n<p>Yedek Anahtarlar<br>Say\u0131sal Tu\u015f Tak\u0131m\u0131<br>Biyometrik Taray\u0131c\u0131<br>Nano Key<\/p>\n\n\n\n<p><strong>Teknoloji<\/strong><\/p>\n\n\n\n<figure class=\"wp-block-image is-resized\"><img decoding=\"async\" src=\"https:\/\/vaulteksafe.com\/wp-content\/uploads\/2020\/04\/wifinew.png\" alt=\"\" class=\"wp-image-2917\" width=\"60\" height=\"30\"\/><\/figure>\n\n\n\n<p>WiFi ba\u011flant\u0131l\u0131 kasalar her yerden canl\u0131 uyar\u0131lar g\u00f6nderebilir. Kasa kurcalan\u0131rsa, a\u00e7\u0131l\u0131rsa vb. durumlarda bildirim al\u0131n.<\/p>\n\n\n\n<p><strong>Dahili Aksesuarlar<\/strong><\/p>\n\n\n\n<p>Yedek Anahtarlar<br>\u015earj Edilebilir Lityum \u0130yon Pil<br>\u015earj Kiti<br>Montaj Donan\u0131m\u0131<br>Kapak Ba\u011flant\u0131 Noktalar\u0131<br>2\/3 Geni\u015flikte Raf<br>(4) Namlu Sabitleyici + Adapt\u00f6rler<br>Tek Tabanca\/T\u00fcfek \u015earj\u00f6r Aparat\u0131<br>(1) C\u0131rt C\u0131rtl\u0131 Namlu Sabitleyici + Adapt\u00f6rler<br>\u0130kiz Tabanca Mod\u00fcl\u00fc<br>Nano Key<\/p>\n<\/div><\/details>\n<\/div>\n<\/div>\n<\/div>\n\n\n\n<div class=\"wp-block-column is-layout-flow wp-block-column-is-layout-flow\">\n<div class=\"wp-block-group is-vertical is-content-justification-center is-layout-flex wp-container-core-group-is-layout-ce155fab wp-block-group-is-layout-flex\">\n<h2 id=\"wp-block-themeisle-blocks-advanced-heading-438d47d9\" class=\"wp-block-themeisle-blocks-advanced-heading wp-block-themeisle-blocks-advanced-heading-438d47d9\"><strong><strong>RS500i<\/strong><\/strong><\/h2>\n\n\n\n<h2 id=\"wp-block-themeisle-blocks-advanced-heading-c56fce66\" class=\"wp-block-themeisle-blocks-advanced-heading wp-block-themeisle-blocks-advanced-heading-c56fce66\">Fiyat i\u00e7in ileti\u015fime ge\u00e7in<\/h2>\n\n\n\n<figure class=\"wp-block-image size-full\"><img decoding=\"async\" width=\"768\" height=\"996\" src=\"http:\/\/www.vaulteksafe.com.tr\/wp-content\/uploads\/2023\/07\/44rs800i-1.jpg\" alt=\"\" class=\"wp-image-464\" srcset=\"http:\/\/www.vaulteksafe.com.tr\/\/wp-content\/uploads\/2023\/07\/44rs800i-1.jpg 768w, http:\/\/www.vaulteksafe.com.tr\/\/wp-content\/uploads\/2023\/07\/44rs800i-1-600x778.jpg 600w, http:\/\/www.vaulteksafe.com.tr\/\/wp-content\/uploads\/2023\/07\/44rs800i-1-231x300.jpg 231w\" sizes=\"(max-width: 768px) 100vw, 768px\" \/><\/figure>\n\n\n\n<h2 id=\"wp-block-themeisle-blocks-advanced-heading-56b02895\" class=\"wp-block-themeisle-blocks-advanced-heading wp-block-themeisle-blocks-advanced-heading-56b02895\"><strong><a href=\"http:\/\/www.vaulteksafe.com.tr\/index.php\/rs500i\/\" data-type=\"page\" data-id=\"1384\"><strong>Daha Fazla Bilgi<\/strong> &gt;<\/a><\/strong><\/h2>\n\n\n\n<div id=\"wp-block-themeisle-blocks-accordion-7bb0f5d6\" class=\"wp-block-themeisle-blocks-accordion exclusive icon-first has-icon has-open-icon ticss-b10577ba is-style-default\">\n<details class=\"wp-block-themeisle-blocks-accordion-item ticss-6c2e99ae\"><summary class=\"wp-block-themeisle-blocks-accordion-item__title\"><div>Detaylar<\/div><\/summary><div class=\"wp-block-themeisle-blocks-accordion-item__content\">\n<p><strong><strong>Boyutlar<\/strong><\/strong><\/p>\n\n\n\n<p>D\u0131\u015f Boyutlar    <br>137.16 cm \u00d7 35.56cm \u00d7 29.72 cm<\/p>\n\n\n\n<p>\u0130\u00e7 Boyutlar<br>135.26 cm \u00d7 34.93 cm \u00d7 24.77 cm<\/p>\n\n\n\n<p><strong><strong>Eri\u015fim Se\u00e7enekleri<\/strong><\/strong><\/p>\n\n\n\n<p>Yedek Anahtarlar<br>Say\u0131sal Tu\u015f Tak\u0131m\u0131<br>Biyometrik Taray\u0131c\u0131<br>Nano Key<\/p>\n\n\n\n<p><strong><strong>Teknoloji<\/strong><\/strong><\/p>\n\n\n\n<figure class=\"wp-block-image is-resized\"><img loading=\"lazy\" decoding=\"async\" src=\"https:\/\/vaulteksafe.com\/wp-content\/uploads\/2020\/04\/wifinew.png\" alt=\"\" class=\"wp-image-2917\" width=\"60\" height=\"31\"\/><\/figure>\n\n\n\n<p>WiFi ba\u011flant\u0131l\u0131 kasalar her yerden canl\u0131 uyar\u0131lar g\u00f6nderebilir. Kasa kurcalan\u0131rsa, a\u00e7\u0131l\u0131rsa vb. durumlarda bildirim al\u0131n.<\/p>\n\n\n\n<p><strong><strong>Dahili Aksesuarlar<\/strong><\/strong><\/p>\n\n\n\n<p>Yedek Anahtarlar<br>\u015earj Edilebilir Lityum \u0130yon Pil<br>\u015earj Kiti<br>Montaj Donan\u0131m\u0131<br>(3) Namlu Sabitleyici + Adapt\u00f6rler<br>\u0130kiz Tabanca Mod\u00fcl\u00fc<br>Nano Key<\/p>\n<\/div><\/details>\n<\/div>\n<\/div>\n<\/div>\n\n\n\n<div class=\"wp-block-column is-layout-flow wp-block-column-is-layout-flow\">\n<div class=\"wp-block-group is-vertical is-content-justification-center is-layout-flex wp-container-core-group-is-layout-ce155fab wp-block-group-is-layout-flex\">\n<h2 id=\"wp-block-themeisle-blocks-advanced-heading-f226ade4\" class=\"wp-block-themeisle-blocks-advanced-heading wp-block-themeisle-blocks-advanced-heading-f226ade4\"><strong><strong><strong>RS200i<\/strong><\/strong><\/strong><\/h2>\n\n\n\n<h2 id=\"wp-block-themeisle-blocks-advanced-heading-3bd04096\" class=\"wp-block-themeisle-blocks-advanced-heading wp-block-themeisle-blocks-advanced-heading-3bd04096\">Fiyat i\u00e7in ileti\u015fime ge\u00e7in<\/h2>\n\n\n\n<figure class=\"wp-block-image size-full\"><a href=\"http:\/\/www.vaulteksafe.com.tr\/index.php\/rs200i\/\"><img loading=\"lazy\" decoding=\"async\" width=\"768\" height=\"996\" src=\"http:\/\/www.vaulteksafe.com.tr\/wp-content\/uploads\/2023\/07\/200inewrs800i-1.jpg\" alt=\"\" class=\"wp-image-465\" srcset=\"http:\/\/www.vaulteksafe.com.tr\/\/wp-content\/uploads\/2023\/07\/200inewrs800i-1.jpg 768w, http:\/\/www.vaulteksafe.com.tr\/\/wp-content\/uploads\/2023\/07\/200inewrs800i-1-600x778.jpg 600w, http:\/\/www.vaulteksafe.com.tr\/\/wp-content\/uploads\/2023\/07\/200inewrs800i-1-231x300.jpg 231w\" sizes=\"(max-width: 768px) 100vw, 768px\" \/><\/a><\/figure>\n\n\n\n<h2 id=\"wp-block-themeisle-blocks-advanced-heading-d7331276\" class=\"wp-block-themeisle-blocks-advanced-heading wp-block-themeisle-blocks-advanced-heading-d7331276\"><strong><a href=\"http:\/\/www.vaulteksafe.com.tr\/index.php\/rs200i\/\" data-type=\"page\" data-id=\"1384\"><strong>Daha Fazla Bilgi<\/strong> &gt;<\/a><\/strong><\/h2>\n\n\n\n<div id=\"wp-block-themeisle-blocks-accordion-dd1bbf35\" class=\"wp-block-themeisle-blocks-accordion exclusive icon-first has-icon has-open-icon ticss-b10577ba is-style-default\">\n<details class=\"wp-block-themeisle-blocks-accordion-item ticss-f580cc44\"><summary class=\"wp-block-themeisle-blocks-accordion-item__title\"><div>Detaylar<\/div><\/summary><div class=\"wp-block-themeisle-blocks-accordion-item__content\">\n<p><strong><strong>Boyutlar<\/strong><\/strong><\/p>\n\n\n\n<p>D\u0131\u015f Boyutlar<br>127 cm \u00d7 35.56 cm \u00d7 19.05 cm<\/p>\n\n\n\n<p>\u0130\u00e7 Boyutlar <br>121.92 cm \u00d7 34.93 cm \u00d7 13.02 cm<\/p>\n\n\n\n<p><strong><strong>Eri\u015fim Se\u00e7enekleri<\/strong><\/strong><\/p>\n\n\n\n<p>Yedek Anahtarlar<br>Say\u0131sal Tu\u015f Tak\u0131m\u0131<br>Biyometrik Taray\u0131c\u0131<br>Nano Key<\/p>\n\n\n\n<p><strong><strong>Teknoloji<\/strong><\/strong><\/p>\n\n\n\n<figure class=\"wp-block-image is-resized\"><img decoding=\"async\" src=\"https:\/\/vaulteksafe.com\/wp-content\/uploads\/2020\/04\/wifinew.png\" alt=\"\" class=\"wp-image-2917\" width=\"60\"\/><\/figure>\n\n\n\n<p>WiFi ba\u011flant\u0131l\u0131 kasalar her yerden canl\u0131 uyar\u0131lar g\u00f6nderebilir. Kasa kurcalan\u0131rsa, a\u00e7\u0131l\u0131rsa vb. durumlarda bildirim al\u0131n.<\/p>\n\n\n\n<p><strong><strong>Dahili Aksesuarlar<\/strong><\/strong><\/p>\n\n\n\n<p>Yedek Anahtarlar<br>\u015earj Edilebilir Lityum \u0130yon Pil<br>\u015earj Kiti<br>Montaj Donan\u0131m\u0131<br>\u0130kiz Tabanca Mod\u00fcl\u00fc \/ \u015earj\u00f6r Mod\u00fcl\u00fc<br>Zemin Tablas\u0131<br>Nano Key<\/p>\n<\/div><\/details>\n<\/div>\n<\/div>\n<\/div>\n<\/div>\n<\/div>\n<\/div><\/div>\n<\/div>\n","protected":false},"excerpt":{"rendered":"","protected":false},"author":1,"featured_media":0,"parent":0,"menu_order":0,"comment_status":"closed","ping_status":"closed","template":"","meta":{"_uag_custom_page_level_css":"","_themeisle_gutenberg_block_has_review":false,"footnotes":""},"class_list":["post-459","page","type-page","status-publish","hentry"],"jetpack_sharing_enabled":true,"uagb_featured_image_src":{"full":false,"thumbnail":false,"medium":false,"medium_large":false,"large":false,"1536x1536":false,"2048x2048":false,"mailpoet_newsletter_max":false,"woocommerce_thumbnail":false,"woocommerce_single":false,"woocommerce_gallery_thumbnail":false},"uagb_author_info":{"display_name":"admin","author_link":"http:\/\/www.vaulteksafe.com.tr\/index.php\/author\/admin\/"},"uagb_comment_info":0,"uagb_excerpt":null,"_links":{"self":[{"href":"http:\/\/www.vaulteksafe.com.tr\/index.php\/wp-json\/wp\/v2\/pages\/459","targetHints":{"allow":["GET"]}}],"collection":[{"href":"http:\/\/www.vaulteksafe.com.tr\/index.php\/wp-json\/wp\/v2\/pages"}],"about":[{"href":"http:\/\/www.vaulteksafe.com.tr\/index.php\/wp-json\/wp\/v2\/types\/page"}],"author":[{"embeddable":true,"href":"http:\/\/www.vaulteksafe.com.tr\/index.php\/wp-json\/wp\/v2\/users\/1"}],"replies":[{"embeddable":true,"href":"http:\/\/www.vaulteksafe.com.tr\/index.php\/wp-json\/wp\/v2\/comments?post=459"}],"version-history":[{"count":15,"href":"http:\/\/www.vaulteksafe.com.tr\/index.php\/wp-json\/wp\/v2\/pages\/459\/revisions"}],"predecessor-version":[{"id":1912,"href":"http:\/\/www.vaulteksafe.com.tr\/index.php\/wp-json\/wp\/v2\/pages\/459\/revisions\/1912"}],"wp:attachment":[{"href":"http:\/\/www.vaulteksafe.com.tr\/index.php\/wp-json\/wp\/v2\/media?parent=459"}],"curies":[{"name":"wp","href":"https:\/\/api.w.org\/{rel}","templated":true}]}}